{"id":2626,"date":"2022-01-28T14:52:05","date_gmt":"2022-01-28T14:52:05","guid":{"rendered":"http:\/\/www.kunst-en-zwalm.be\/wordpress\/?page_id=2626"},"modified":"2026-03-25T16:57:49","modified_gmt":"2026-03-25T16:57:49","slug":"archief-kunstenaars-1997-vandaag","status":"publish","type":"page","link":"https:\/\/www.kunst-en-zwalm.be\/wordpress\/vorige-edities\/archief-kunstenaars-1997-vandaag\/","title":{"rendered":"[ARCHIEF] Kunstenaars 1997-vandaag"},"content":{"rendered":"\n<p><strong>1997<\/strong><\/p>\n\n\n\n<p>Irma Amaya (Chili), Carlos Becerra (Chili), Marcel Broothaers, James Lee Byars (USA), Luk De Bruyne, Honore d&#8217;O, Noel Drieghe, Catherine Heugebaert, Johan Lievens, Patrick Merckaert, Alex Michels, Kurt Ryslavy (A), Stephan Sack (USA), Johan Tahon, Jean-Marie Stroobants, William van Gaver<\/p>\n\n\n\n<p><strong>1999<\/strong><\/p>\n\n\n\n<p>Mari Boeyen (Nl), Mark Cloet, Inge Decuypere, Evert Defrancq, Eric De Nie (Nl), Annelies Dijkman (Nl), Noel Drieghe, Dianne Hagen (Nl), Jean Bernard Koeman (Nl), Johan Lievens, Freya Maes, Patrick Merckaert, Alex Michels, William van Gaver, Joost van Hezewijk (Nl), Jan Van IJzendoorn (Nl)<\/p>\n\n\n\n<p><strong>2001<\/strong><\/p>\n\n\n\n<p>Jacques Asserin (F), Marie-Claude Bachelier (F), Mark Cloet, Trees De Mits, Honore d&#8217;O, Noel Drieghe, Frederic Geurts, Karin Hanssen, Nicolas Herubel (F), Rene Heyvaert, Francis Marshall (F), Patrick Merckaert, Alex Michels, Peter Morrens, Olivier Nolin (F), Baudouin Oosterlynck, Pascale Marthine Tayou (CAM), Bert Verstraeten, Leen Voet<\/p>\n\n\n\n<p><strong>2003<\/strong><\/p>\n\n\n\n<p>Isabel Banal (E), Jordi Canudas (E), Catherine Claey\u00e9, Marc Cloet, Pep Dardanya (E), Koen De Decker, Eva De Leener, Inge Decuypere, Francis Denys, Domenec (E), Noel Drieghe, Alex Michels, Ingrid Mostrey, Pere Noguera (E), Lucie Renneboog, Toni Giro (E), Bart Rensink<\/p>\n\n\n\n<p><strong>2005<\/strong><\/p>\n\n\n\n<p>Jean-Marie Bytebier, Caroline Coolen, Micha\u00ebl Dans, Luc Dondeyne, Noel Drieghe, Frederic Gaillard, Patrick Guns, Sylvie Macias Diaz, Reggy Timmermans &amp; Beatrijs Albers, Jean-Pierre Ransonnet, Heidi Voet, Dirk Zoete<\/p>\n\n\n\n<p><strong>2007<\/strong><\/p>\n\n\n\n<p>Elodie Antoine, Marcel Berlanger, Karel Breugelmans, Stijn Cole, Ralph C\u00fcpper, Wim Cuyvers, Yvan Derw\u00e9duw\u00e9, Noel Drieghe, Willi Filz, Eddy Fran\u00e7ois, HAP, Ives Maes, Karine Marenne, Gauthier Pierson, Ante Timmermans, Herman Van Ingelgem, Thierry Z\u00e9no<\/p>\n\n\n\n<p><strong>2009<\/strong><\/p>\n\n\n\n<p>Roel Jacobs, Stefaan Dheedene, Luc Ewen, Martine Feipel &amp; Jean Bechameil, Jerry Frantz, Christian Frantzen, Mark Manders, Rik Moens, Sophie Nys, Roland Quetsch, Kelly Schacht, Tamara Van San, Dimitri Vangrunderbeek<\/p>\n\n\n\n<p><strong>2011<\/strong><\/p>\n\n\n\n<p>David Blandy, The Caravan Gallery (Jan Williams &amp; Chris Teasdale), St\u00e9phane Cauchy, Fia Cielen, Sylvain Cosijns, Goele De Bruyn, Nicolas Durand, Pieterjan Ginckels, Djos Janssens, Jo Lathwood, Patrick Merckaert, Karl Philips, Patrick Van Caeckenbergh, Arnaud Verley et Phil\u00e9mon, Adriaan Verw\u00e9e<\/p>\n\n\n\n<p><strong>2015<\/strong><\/p>\n\n\n\n<p>Thijs Van der Linden, Alex Michels, No\u00ebl Drieghe, Wout Lievens, Griet Drieghe, Bert Drieghe, Mark Cloet, Michael Vandorpe, Thibaut Dhaeyer, Inge Decuypere, Patrick Merckaert, Trees De Mits, Johan Tahon, Ilse Verschaeve, Klaas Van der Linden<\/p>\n\n\n\n<p><strong>2017<\/strong><\/p>\n\n\n\n<p>Leo Copers, Bert Drieghe, Gert Scheerlinck, Charlie De Voet, Chris Rotsaert, Claire Stragier, David Tanghe, Didier Van De Steene, Ella Vandenbussche, Geert Van der Linden, Hyun Dekempe, Inge Decuypere, Jan Leenknegt, Klaas Van der Linden, Kristof Van Heeschvelde, Marc Galle, Nicoline Van Stapele, Veerle Michiels, Thijs Van der Linden, Lena Vandenbussche, thierry mortier, Steven Galle, Tessa Groenewoud, Jesse Cremers, Matthieu Ronsse<\/p>\n\n\n\n<p><strong>2019<\/strong><\/p>\n\n\n\n<p>Christian Hansen, Ella Vandenbussche en Lena Vandenbussche, Francesca Chiacchio, Franky DC, hans Andreas R., Jesse Cremers, Johan Tahon, Lies Van Damme, Lotte Van den Audenaeren, Manoeuvre (Veerle Michiels, Chris Rotsaert), Nele Fack, Oracle (Caroline Daish, Justine Maxelon, Michel Yang), Ruben Machtelinckx, Shervin Kianersi Haghighi, TAFEL, Various Artists<\/p>\n\n\n\n<p><strong>2021<\/strong><\/p>\n\n\n\n<p>Bjorn Pauwels &amp; Nora De Decker, Community of Listeners (Helena Lemonnier &amp; Mohsen Mahjoobi), Cosco (Louis De Cordier), Dani\u00ebl Dewaele, Freek Willems, Georgia Kokot, Hans Beckers, ieke Trinks, Karel Thienpont, OD3 Collectief (Paola Bartoletti, Leen De Veirman, Vigdis De Cauter), Lieve D&#8217;hondt, Museums of Belgium (Julie Lesenne &amp; Matthias Nuytten), Nathalie Chambart, Rasa Alksnyte, Samah Hijawi, Stefanie Claes, Taart in de brievenbus, Willem Vermeersch, pKp (para instituut voor KUNST en precariteit &#8211; Stijn Van Dorpe)<\/p>\n\n\n\n<p><strong>2023<\/strong><\/p>\n\n\n\n<p>Ada Van Hoorebeke, Amber Meulenijzer, Anna Raimondo, Buratinas &amp; Caroline Daish &amp; Emma Lee Harder &amp; Mathilde Maillard, Does Vandousselaere &amp; Charlotte Peys, Denitsa Todorova, Elen Braga, Hiroko Tsuchimoto, Homa Arkani, Karel Thienpont, Maarten De Vrieze, manoeuvre, Merel Stolker, Tamara Van San, Various Artists, Vermeir &amp; Heiremans&nbsp;<\/p>\n\n\n\n<p><strong>2025<\/strong><\/p>\n\n\n\n<p>Agripuncture | Atelier V.V. i.s.m. Piet Bodyn &amp; Mathieu Lauwers | back2soilbasics | Bert Villa | Constructlab | De Bolster | een-twee | Futurefarmers | Hendrik Vermeulen | Ismail Matar | Julie Van Kerckhoven | Kunstwerkt | L\u00e9onard Pongo | Ma\u00efly Beyrens Xu &amp; De derde graad van Het Groene Lilare | Martha Balthazar, Barbara T\u2019Jonck, Mats Vandroogenbroeck en Jana De Kocker | Myvillages | P\u0131nar \u00d6\u011frenci | Seasonal Neighbours | The Post Collective | Vrienden van de Zwalmse Dorpen<\/p>\n","protected":false},"excerpt":{"rendered":"<p>1997 Irma Amaya (Chili), Carlos Becerra (Chili), Marcel Broothaers, James Lee Byars (USA), Luk De Bruyne, Honore d&#8217;O, Noel Drieghe, Catherine Heugebaert, Johan Lievens, Patrick Merckaert, Alex Michels, Kurt Ryslavy (A), Stephan Sack (USA), Johan Tahon, Jean-Marie Stroobants, William van Gaver 1999 Mari Boeyen (Nl), Mark Cloet, Inge Decuypere, Evert Defrancq, Eric De Nie (Nl), &hellip; <a href=\"https:\/\/www.kunst-en-zwalm.be\/wordpress\/vorige-edities\/archief-kunstenaars-1997-vandaag\/\" class=\"more-link\">Verder lezen <span class=\"screen-reader-text\">[ARCHIEF] Kunstenaars 1997-vandaag<\/span><\/a><\/p>\n","protected":false},"author":1,"featured_media":0,"parent":864,"menu_order":0,"comment_status":"closed","ping_status":"closed","template":"","meta":{"footnotes":""},"class_list":["post-2626","page","type-page","status-publish","hentry"],"_links":{"self":[{"href":"https:\/\/www.kunst-en-zwalm.be\/wordpress\/wp-json\/wp\/v2\/pages\/2626","targetHints":{"allow":["GET"]}}],"collection":[{"href":"https:\/\/www.kunst-en-zwalm.be\/wordpress\/wp-json\/wp\/v2\/pages"}],"about":[{"href":"https:\/\/www.kunst-en-zwalm.be\/wordpress\/wp-json\/wp\/v2\/types\/page"}],"author":[{"embeddable":true,"href":"https:\/\/www.kunst-en-zwalm.be\/wordpress\/wp-json\/wp\/v2\/users\/1"}],"replies":[{"embeddable":true,"href":"https:\/\/www.kunst-en-zwalm.be\/wordpress\/wp-json\/wp\/v2\/comments?post=2626"}],"version-history":[{"count":3,"href":"https:\/\/www.kunst-en-zwalm.be\/wordpress\/wp-json\/wp\/v2\/pages\/2626\/revisions"}],"predecessor-version":[{"id":4045,"href":"https:\/\/www.kunst-en-zwalm.be\/wordpress\/wp-json\/wp\/v2\/pages\/2626\/revisions\/4045"}],"up":[{"embeddable":true,"href":"https:\/\/www.kunst-en-zwalm.be\/wordpress\/wp-json\/wp\/v2\/pages\/864"}],"wp:attachment":[{"href":"https:\/\/www.kunst-en-zwalm.be\/wordpress\/wp-json\/wp\/v2\/media?parent=2626"}],"curies":[{"name":"wp","href":"https:\/\/api.w.org\/{rel}","templated":true}]}}